{"id":1971,"date":"2021-05-21T21:52:58","date_gmt":"2021-05-21T21:52:58","guid":{"rendered":"https:\/\/agencyslick.escortthemes.com\/?page_id=1971"},"modified":"2023-02-19T21:17:17","modified_gmt":"2023-02-19T21:17:17","slug":"sobre_nosotras","status":"publish","type":"page","link":"https:\/\/rebecasecret.net\/en\/sobre_nosotras\/","title":{"rendered":"Sobre nosotras.."},"content":{"rendered":"<p><strong><em>Hola a todos , somos Rebeca\u00b4s Secret muchos de vosotros ya nos conocisteis ,10 a\u00f1os a vuestro lado nos avalan<br>Rebeca\u00b4s Secret desea que os encontr\u00e9is lo m\u00e1s c\u00f3modos posible junto a las mejores chicas de Madrid , que olvid\u00e9is el stress del d\u00eda y que os hagan sentir como reyes.<br>\u00bfBuscas relajarte en compa\u00f1\u00eda de una bella mujer?<\/em><\/strong>&#8230;\u00a0<strong><em>Tus  acompa\u00f1antes de \u00e9lite, delicadas, cari\u00f1osas, cultas y muy sofisticadas, con mucha calidez humana que nos distingue siempre del resto de la gente. En nuestra casa encontrar\u00e1s se\u00f1oritas que saben adecuarse a cualquier tipo de situaci\u00f3n o fantas\u00eda prohibida. Jovencitas con un trato  no profesional ,no lo dudes y ven a disfrutar con la mejor de las compa\u00f1\u00edas<br><\/em><\/strong><\/p>\n\n\n\n<p><strong><em><strong><em>Horario\u00a011:00 a 21:00<\/em><\/strong><br><br><br><\/em><\/strong><\/p>","protected":false},"excerpt":{"rendered":"<p>Hola a todos , somos Rebeca\u00b4s Secret muchos de vosotros ya nos conocisteis ,10 a\u00f1os a vuestro lado nos avalanRebeca\u00b4s Secret desea que os encontr\u00e9is lo m\u00e1s c\u00f3modos posible junto a las mejores chicas de Madrid , que olvid\u00e9is el stress del d\u00eda y que os hagan sentir como reyes.\u00bfBuscas relajarte en compa\u00f1\u00eda de una\u2026<\/p>","protected":false},"author":1,"featured_media":2050,"parent":0,"menu_order":0,"comment_status":"closed","ping_status":"closed","template":"","meta":{"footnotes":"","_joinchat":[]},"_links":{"self":[{"href":"https:\/\/rebecasecret.net\/en\/wp-json\/wp\/v2\/pages\/1971"}],"collection":[{"href":"https:\/\/rebecasecret.net\/en\/wp-json\/wp\/v2\/pages"}],"about":[{"href":"https:\/\/rebecasecret.net\/en\/wp-json\/wp\/v2\/types\/page"}],"author":[{"embeddable":true,"href":"https:\/\/rebecasecret.net\/en\/wp-json\/wp\/v2\/users\/1"}],"replies":[{"embeddable":true,"href":"https:\/\/rebecasecret.net\/en\/wp-json\/wp\/v2\/comments?post=1971"}],"version-history":[{"count":4,"href":"https:\/\/rebecasecret.net\/en\/wp-json\/wp\/v2\/pages\/1971\/revisions"}],"predecessor-version":[{"id":3017,"href":"https:\/\/rebecasecret.net\/en\/wp-json\/wp\/v2\/pages\/1971\/revisions\/3017"}],"wp:featuredmedia":[{"embeddable":true,"href":"https:\/\/rebecasecret.net\/en\/wp-json\/wp\/v2\/media\/2050"}],"wp:attachment":[{"href":"https:\/\/rebecasecret.net\/en\/wp-json\/wp\/v2\/media?parent=1971"}],"curies":[{"name":"wp","href":"https:\/\/api.w.org\/{rel}","templated":true}]}}