{"id":2462,"date":"2021-04-16T08:04:05","date_gmt":"2021-04-16T08:04:05","guid":{"rendered":"https:\/\/agencyslick.escortthemes.com\/?page_id=3"},"modified":"2021-12-23T13:07:02","modified_gmt":"2021-12-23T13:07:02","slug":"privacy-policy","status":"publish","type":"page","link":"https:\/\/rebecasecret.net\/en\/privacy-policy\/","title":{"rendered":"Politica de privacidad."},"content":{"rendered":"<h2 class=\"wp-block-heading\">Quienes somos<\/h2>\n\n\n\n<p><b>U<\/b>sted est\u00e1 en www.rebecasecret.net p\u00e1gina de contactos EXCLUSIVAMENTE de ADULTOS. La agencia UNICAMENTE se limita a poner en contacto a dos personas ADULTAS, siendo responsabilidad de ambas lo que ocurra durante su encuentro. <\/p>\n\n\n\n<h2 class=\"wp-block-heading\">Comentarios.<\/h2>\n\n\n\n<p id=\"tw-target-text\">Cuando los visitantes dejan comentarios en el sitio, recopilamos los datos que se muestran en el formulario de comentarios, y tambi\u00e9n la direcci\u00f3n IP del visitante y la cadena del agente de usuario del navegador para ayudar a la detecci\u00f3n de spam.<\/p>\n\n\n\n<p id=\"tw-target-text\">Se puede proporcionar una cadena an\u00f3nima creada a partir de su direcci\u00f3n de correo electr\u00f3nico (tambi\u00e9n llamada hash) al servicio Gravatar para ver si la est\u00e1 utilizando. La pol\u00edtica de privacidad del servicio Gravatar est\u00e1 disponible aqu\u00ed: https:\/\/automattic.com\/privacy\/. Despu\u00e9s de la aprobaci\u00f3n de su comentario, su foto de perfil es visible para el p\u00fablico en el contexto de su comentario.<\/p>\n\n\n\n<h2 class=\"wp-block-heading\">Media<\/h2>\n\n\n\n<p id=\"tw-target-text\">Si carga im\u00e1genes en el sitio web, debe evitar cargar im\u00e1genes con datos de ubicaci\u00f3n incrustados (GPS EXIF) incluidos. Los visitantes del sitio web pueden descargar y extraer cualquier dato de ubicaci\u00f3n de las im\u00e1genes del sitio web.<\/p>\n\n\n\n<h2 class=\"wp-block-heading\">Cookies<\/h2>\n\n\n\n<p id=\"tw-target-text\">Si deja un comentario en nuestro sitio, puede optar por guardar su nombre, direcci\u00f3n de correo electr\u00f3nico y sitio web en cookies. Estos son para su conveniencia para que no tenga que volver a completar sus datos cuando deje otro comentario. Estas cookies durar\u00e1n un a\u00f1o.<\/p>\n\n\n\n<p id=\"tw-target-text\">Si visita nuestra p\u00e1gina de inicio de sesi\u00f3n, configuraremos una cookie temporal para determinar si su navegador acepta cookies. Esta cookie no contiene datos personales y se descarta cuando cierra su navegador.<\/p>\n\n\n\n<p id=\"tw-target-text\">Cuando inicie sesi\u00f3n, tambi\u00e9n configuraremos varias cookies para guardar su informaci\u00f3n de inicio de sesi\u00f3n y sus opciones de visualizaci\u00f3n de pantalla. Las cookies de inicio de sesi\u00f3n duran dos d\u00edas y las cookies de opciones de pantalla duran un a\u00f1o. Si selecciona \u00abRecordarme\u00bb, su inicio de sesi\u00f3n se mantendr\u00e1 durante dos semanas. Si cierra sesi\u00f3n en su cuenta, se eliminar\u00e1n las cookies de inicio de sesi\u00f3n.<\/p>\n\n\n\n<p id=\"tw-target-text\">Si edita o publica un art\u00edculo, se guardar\u00e1 una cookie adicional en su navegador. Esta cookie no incluye datos personales y simplemente indica el ID de publicaci\u00f3n del art\u00edculo que acaba de editar. Caduca despu\u00e9s de 1 d\u00eda.<\/p>","protected":false},"excerpt":{"rendered":"<p>Quienes somos Usted est\u00e1 en www.rebecasecret.net p\u00e1gina de contactos EXCLUSIVAMENTE de ADULTOS. La agencia UNICAMENTE se limita a poner en contacto a dos personas ADULTAS, siendo responsabilidad de ambas lo que ocurra durante su encuentro. Comentarios. Cuando los visitantes dejan comentarios en el sitio, recopilamos los datos que se muestran en el formulario de comentarios,\u2026<\/p>","protected":false},"author":1,"featured_media":0,"parent":0,"menu_order":0,"comment_status":"closed","ping_status":"open","template":"","meta":{"footnotes":"","_joinchat":[]},"_links":{"self":[{"href":"https:\/\/rebecasecret.net\/en\/wp-json\/wp\/v2\/pages\/2462"}],"collection":[{"href":"https:\/\/rebecasecret.net\/en\/wp-json\/wp\/v2\/pages"}],"about":[{"href":"https:\/\/rebecasecret.net\/en\/wp-json\/wp\/v2\/types\/page"}],"author":[{"embeddable":true,"href":"https:\/\/rebecasecret.net\/en\/wp-json\/wp\/v2\/users\/1"}],"replies":[{"embeddable":true,"href":"https:\/\/rebecasecret.net\/en\/wp-json\/wp\/v2\/comments?post=2462"}],"version-history":[{"count":3,"href":"https:\/\/rebecasecret.net\/en\/wp-json\/wp\/v2\/pages\/2462\/revisions"}],"predecessor-version":[{"id":2546,"href":"https:\/\/rebecasecret.net\/en\/wp-json\/wp\/v2\/pages\/2462\/revisions\/2546"}],"wp:attachment":[{"href":"https:\/\/rebecasecret.net\/en\/wp-json\/wp\/v2\/media?parent=2462"}],"curies":[{"name":"wp","href":"https:\/\/api.w.org\/{rel}","templated":true}]}}